{"id":50,"date":"2023-05-16T15:33:13","date_gmt":"2023-05-16T15:33:13","guid":{"rendered":"https:\/\/almanyapersonel.com\/?page_id=50"},"modified":"2023-05-25T19:05:24","modified_gmt":"2023-05-25T19:05:24","slug":"hizmetlerimiz","status":"publish","type":"page","link":"https:\/\/almanyapersonel.com\/de\/hizmetlerimiz\/","title":{"rendered":"Dienstleistungen"},"content":{"rendered":"<p>H\u0130ZMETLER\u0130M\u0130Z<br>ALMANYA&#8217;DA ISTIHDAM IMKANI<br>Almanya kalifiye i\u015f\u00e7i a\u00e7\u0131\u011f\u0131n\u0131 kapatmak i\u00e7in yurt d\u0131\u015f\u0131ndan kalifiye i\u015f\u00e7i almaktad\u0131r.<br>Bunun i\u00e7in de\u011fi\u015fik teknikler geli\u015ftirmi\u015ftir.<br>Asag\u0131daki \u00f6zellikleri ta\u015f\u0131yorsan\u0131z, size i\u015f bulal\u0131m, ailece Almanya&#8217;ya \u00e7al\u0131\u015fmaya gelin<br>\u2022 Y\u00fcksek okul veya Meslek okulu diplomas\u0131.<br>\u2022 \u00dc\u00e7 y\u0131ll\u0131k mesleki tecr\u00fcbe.<br>\u2022 Meslek gruplar\u0131na g\u00f6re en az A2 yada B1 seviyesinde almanca<br><\/p>","protected":false},"excerpt":{"rendered":"<p>H\u0130ZMETLER\u0130M\u0130ZALMANYA&#8217;DA ISTIHDAM IMKANIAlmanya kalifiye i\u015f\u00e7i a\u00e7\u0131\u011f\u0131n\u0131 kapatmak i\u00e7in yurt d\u0131\u015f\u0131ndan &#8230;<\/p>","protected":false},"author":1,"featured_media":0,"parent":0,"menu_order":0,"comment_status":"closed","ping_status":"closed","template":"","meta":{"footnotes":""},"class_list":["post-50","page","type-page","status-publish","hentry"],"yoast_head":"<!-- This site is optimized with the Yoast SEO plugin v27.5 - https:\/\/yoast.com\/product\/yoast-seo-wordpress\/ -->\n<title>Hizmetlerimiz - Almanya Personel<\/title>\n<meta name=\"description\" content=\"AlmanyaPersonel olarak Tu\u0308rkiye bas\u0327ta olmak u\u0308zere yurt d\u0131s\u0327\u0131ndan Almanya\u2019ya kalifiye eleman transferi yapmaktay\u0131z. Siz de Almanya\u2019da c\u0327al\u0131s\u0327mak istiyorsan\u0131z bize mutlaka mu\u0308racaat ediniz.\" \/>\n<meta name=\"robots\" content=\"index, follow, max-snippet:-1, max-image-preview:large, max-video-preview:-1\" \/>\n<link rel=\"canonical\" href=\"https:\/\/almanyapersonel.com\/de\/hizmetlerimiz\/\" \/>\n<meta property=\"og:locale\" content=\"de_DE\" \/>\n<meta property=\"og:type\" content=\"article\" \/>\n<meta property=\"og:title\" content=\"Hizmetlerimiz - Almanya Personel\" \/>\n<meta property=\"og:description\" content=\"AlmanyaPersonel olarak Tu\u0308rkiye bas\u0327ta olmak u\u0308zere yurt d\u0131s\u0327\u0131ndan Almanya\u2019ya kalifiye eleman transferi yapmaktay\u0131z. Siz de Almanya\u2019da c\u0327al\u0131s\u0327mak istiyorsan\u0131z bize mutlaka mu\u0308racaat ediniz.\" \/>\n<meta property=\"og:url\" content=\"https:\/\/almanyapersonel.com\/de\/hizmetlerimiz\/\" \/>\n<meta property=\"og:site_name\" content=\"Almanya Personel\" \/>\n<meta property=\"article:publisher\" content=\"https:\/\/www.facebook.com\/groups\/1380625645795813\/?ref=share\" \/>\n<meta property=\"article:modified_time\" content=\"2023-05-25T19:05:24+00:00\" \/>\n<meta property=\"og:image\" content=\"https:\/\/almanyapersonel.com\/wp-content\/uploads\/2023\/06\/almanyapersonel-logo.png\" \/>\n\t<meta property=\"og:image:width\" content=\"280\" \/>\n\t<meta property=\"og:image:height\" content=\"50\" \/>\n\t<meta property=\"og:image:type\" content=\"image\/png\" \/>\n<meta name=\"twitter:card\" content=\"summary_large_image\" \/>\n<script type=\"application\/ld+json\" class=\"yoast-schema-graph\">{\"@context\":\"https:\\\/\\\/schema.org\",\"@graph\":[{\"@type\":\"WebPage\",\"@id\":\"https:\\\/\\\/almanyapersonel.com\\\/hizmetlerimiz\\\/\",\"url\":\"https:\\\/\\\/almanyapersonel.com\\\/hizmetlerimiz\\\/\",\"name\":\"Hizmetlerimiz - Almanya Personel\",\"isPartOf\":{\"@id\":\"https:\\\/\\\/almanyapersonel.com\\\/#website\"},\"datePublished\":\"2023-05-16T15:33:13+00:00\",\"dateModified\":\"2023-05-25T19:05:24+00:00\",\"description\":\"AlmanyaPersonel olarak Tu\u0308rkiye bas\u0327ta olmak u\u0308zere yurt d\u0131s\u0327\u0131ndan Almanya\u2019ya kalifiye eleman transferi yapmaktay\u0131z. Siz de Almanya\u2019da c\u0327al\u0131s\u0327mak istiyorsan\u0131z bize mutlaka mu\u0308racaat ediniz.\",\"breadcrumb\":{\"@id\":\"https:\\\/\\\/almanyapersonel.com\\\/hizmetlerimiz\\\/#breadcrumb\"},\"inLanguage\":\"de\",\"potentialAction\":[{\"@type\":\"ReadAction\",\"target\":[\"https:\\\/\\\/almanyapersonel.com\\\/hizmetlerimiz\\\/\"]}]},{\"@type\":\"BreadcrumbList\",\"@id\":\"https:\\\/\\\/almanyapersonel.com\\\/hizmetlerimiz\\\/#breadcrumb\",\"itemListElement\":[{\"@type\":\"ListItem\",\"position\":1,\"name\":\"Home\",\"item\":\"https:\\\/\\\/almanyapersonel.com\\\/\"},{\"@type\":\"ListItem\",\"position\":2,\"name\":\"Hizmetlerimiz\"}]},{\"@type\":\"WebSite\",\"@id\":\"https:\\\/\\\/almanyapersonel.com\\\/#website\",\"url\":\"https:\\\/\\\/almanyapersonel.com\\\/\",\"name\":\"AlmanyaPersonel\",\"description\":\"\",\"publisher\":{\"@id\":\"https:\\\/\\\/almanyapersonel.com\\\/#organization\"},\"alternateName\":\"AlmanyaPersonel\",\"potentialAction\":[{\"@type\":\"SearchAction\",\"target\":{\"@type\":\"EntryPoint\",\"urlTemplate\":\"https:\\\/\\\/almanyapersonel.com\\\/?s={search_term_string}\"},\"query-input\":{\"@type\":\"PropertyValueSpecification\",\"valueRequired\":true,\"valueName\":\"search_term_string\"}}],\"inLanguage\":\"de\"},{\"@type\":\"Organization\",\"@id\":\"https:\\\/\\\/almanyapersonel.com\\\/#organization\",\"name\":\"AlmanyaPersonel\",\"url\":\"https:\\\/\\\/almanyapersonel.com\\\/\",\"logo\":{\"@type\":\"ImageObject\",\"inLanguage\":\"de\",\"@id\":\"https:\\\/\\\/almanyapersonel.com\\\/#\\\/schema\\\/logo\\\/image\\\/\",\"url\":\"https:\\\/\\\/almanyapersonel.com\\\/wp-content\\\/uploads\\\/2023\\\/06\\\/almanyapersonel-logo.png\",\"contentUrl\":\"https:\\\/\\\/almanyapersonel.com\\\/wp-content\\\/uploads\\\/2023\\\/06\\\/almanyapersonel-logo.png\",\"width\":280,\"height\":50,\"caption\":\"AlmanyaPersonel\"},\"image\":{\"@id\":\"https:\\\/\\\/almanyapersonel.com\\\/#\\\/schema\\\/logo\\\/image\\\/\"},\"sameAs\":[\"https:\\\/\\\/www.facebook.com\\\/groups\\\/1380625645795813\\\/?ref=share\"]}]}<\/script>\n<!-- \/ Yoast SEO plugin. -->","yoast_head_json":{"title":"Hizmetlerimiz - Almanya Personel","description":"AlmanyaPersonel olarak Tu\u0308rkiye bas\u0327ta olmak u\u0308zere yurt d\u0131s\u0327\u0131ndan Almanya\u2019ya kalifiye eleman transferi yapmaktay\u0131z. Siz de Almanya\u2019da c\u0327al\u0131s\u0327mak istiyorsan\u0131z bize mutlaka mu\u0308racaat ediniz.","robots":{"index":"index","follow":"follow","max-snippet":"max-snippet:-1","max-image-preview":"max-image-preview:large","max-video-preview":"max-video-preview:-1"},"canonical":"https:\/\/almanyapersonel.com\/de\/hizmetlerimiz\/","og_locale":"de_DE","og_type":"article","og_title":"Hizmetlerimiz - Almanya Personel","og_description":"AlmanyaPersonel olarak Tu\u0308rkiye bas\u0327ta olmak u\u0308zere yurt d\u0131s\u0327\u0131ndan Almanya\u2019ya kalifiye eleman transferi yapmaktay\u0131z. Siz de Almanya\u2019da c\u0327al\u0131s\u0327mak istiyorsan\u0131z bize mutlaka mu\u0308racaat ediniz.","og_url":"https:\/\/almanyapersonel.com\/de\/hizmetlerimiz\/","og_site_name":"Almanya Personel","article_publisher":"https:\/\/www.facebook.com\/groups\/1380625645795813\/?ref=share","article_modified_time":"2023-05-25T19:05:24+00:00","og_image":[{"width":280,"height":50,"url":"https:\/\/almanyapersonel.com\/wp-content\/uploads\/2023\/06\/almanyapersonel-logo.png","type":"image\/png"}],"twitter_card":"summary_large_image","schema":{"@context":"https:\/\/schema.org","@graph":[{"@type":"WebPage","@id":"https:\/\/almanyapersonel.com\/hizmetlerimiz\/","url":"https:\/\/almanyapersonel.com\/hizmetlerimiz\/","name":"Hizmetlerimiz - Almanya Personel","isPartOf":{"@id":"https:\/\/almanyapersonel.com\/#website"},"datePublished":"2023-05-16T15:33:13+00:00","dateModified":"2023-05-25T19:05:24+00:00","description":"AlmanyaPersonel olarak Tu\u0308rkiye bas\u0327ta olmak u\u0308zere yurt d\u0131s\u0327\u0131ndan Almanya\u2019ya kalifiye eleman transferi yapmaktay\u0131z. Siz de Almanya\u2019da c\u0327al\u0131s\u0327mak istiyorsan\u0131z bize mutlaka mu\u0308racaat ediniz.","breadcrumb":{"@id":"https:\/\/almanyapersonel.com\/hizmetlerimiz\/#breadcrumb"},"inLanguage":"de","potentialAction":[{"@type":"ReadAction","target":["https:\/\/almanyapersonel.com\/hizmetlerimiz\/"]}]},{"@type":"BreadcrumbList","@id":"https:\/\/almanyapersonel.com\/hizmetlerimiz\/#breadcrumb","itemListElement":[{"@type":"ListItem","position":1,"name":"Home","item":"https:\/\/almanyapersonel.com\/"},{"@type":"ListItem","position":2,"name":"Hizmetlerimiz"}]},{"@type":"WebSite","@id":"https:\/\/almanyapersonel.com\/#website","url":"https:\/\/almanyapersonel.com\/","name":"AlmanyaPersonel","description":"","publisher":{"@id":"https:\/\/almanyapersonel.com\/#organization"},"alternateName":"AlmanyaPersonel","potentialAction":[{"@type":"SearchAction","target":{"@type":"EntryPoint","urlTemplate":"https:\/\/almanyapersonel.com\/?s={search_term_string}"},"query-input":{"@type":"PropertyValueSpecification","valueRequired":true,"valueName":"search_term_string"}}],"inLanguage":"de"},{"@type":"Organization","@id":"https:\/\/almanyapersonel.com\/#organization","name":"AlmanyaPersonel","url":"https:\/\/almanyapersonel.com\/","logo":{"@type":"ImageObject","inLanguage":"de","@id":"https:\/\/almanyapersonel.com\/#\/schema\/logo\/image\/","url":"https:\/\/almanyapersonel.com\/wp-content\/uploads\/2023\/06\/almanyapersonel-logo.png","contentUrl":"https:\/\/almanyapersonel.com\/wp-content\/uploads\/2023\/06\/almanyapersonel-logo.png","width":280,"height":50,"caption":"AlmanyaPersonel"},"image":{"@id":"https:\/\/almanyapersonel.com\/#\/schema\/logo\/image\/"},"sameAs":["https:\/\/www.facebook.com\/groups\/1380625645795813\/?ref=share"]}]}},"_links":{"self":[{"href":"https:\/\/almanyapersonel.com\/de\/wp-json\/wp\/v2\/pages\/50","targetHints":{"allow":["GET"]}}],"collection":[{"href":"https:\/\/almanyapersonel.com\/de\/wp-json\/wp\/v2\/pages"}],"about":[{"href":"https:\/\/almanyapersonel.com\/de\/wp-json\/wp\/v2\/types\/page"}],"author":[{"embeddable":true,"href":"https:\/\/almanyapersonel.com\/de\/wp-json\/wp\/v2\/users\/1"}],"replies":[{"embeddable":true,"href":"https:\/\/almanyapersonel.com\/de\/wp-json\/wp\/v2\/comments?post=50"}],"version-history":[{"count":2,"href":"https:\/\/almanyapersonel.com\/de\/wp-json\/wp\/v2\/pages\/50\/revisions"}],"predecessor-version":[{"id":70,"href":"https:\/\/almanyapersonel.com\/de\/wp-json\/wp\/v2\/pages\/50\/revisions\/70"}],"wp:attachment":[{"href":"https:\/\/almanyapersonel.com\/de\/wp-json\/wp\/v2\/media?parent=50"}],"curies":[{"name":"wp","href":"https:\/\/api.w.org\/{rel}","templated":true}]}}