{"id":399,"date":"2020-06-22T19:59:48","date_gmt":"2020-06-22T19:59:48","guid":{"rendered":"https:\/\/almanyapersonel.com\/?page_id=399"},"modified":"2023-07-03T18:56:22","modified_gmt":"2023-07-03T18:56:22","slug":"iletisim","status":"publish","type":"page","link":"https:\/\/almanyapersonel.com\/de\/iletisim\/","title":{"rendered":"Kontakt"},"content":{"rendered":"<div class=\"fusion-fullwidth fullwidth-box fusion-builder-row-1 fusion-flex-container nonhundred-percent-fullwidth non-hundred-percent-height-scrolling\" style=\"--awb-border-radius-top-left:0px;--awb-border-radius-top-right:0px;--awb-border-radius-bottom-right:0px;--awb-border-radius-bottom-left:0px;--awb-padding-top:60px;--awb-padding-bottom:60px;--awb-padding-top-medium:40px;--awb-padding-bottom-medium:40px;--awb-padding-top-small:12px;--awb-background-color:#eaeaea;--awb-flex-wrap:wrap;\" ><div class=\"fusion-builder-row fusion-row fusion-flex-align-items-center fusion-flex-content-wrap\" style=\"max-width:1372.8px;margin-left: calc(-4% \/ 2 );margin-right: calc(-4% \/ 2 );\"><div class=\"fusion-layout-column fusion_builder_column fusion-builder-column-0 fusion_builder_column_2_5 2_5 fusion-flex-column fusion-animated\" style=\"--awb-bg-size:cover;--awb-width-large:40%;--awb-margin-top-large:20px;--awb-spacing-right-large:14.4%;--awb-margin-bottom-large:20px;--awb-spacing-left-large:4.8%;--awb-width-medium:50%;--awb-order-medium:0;--awb-spacing-right-medium:0%;--awb-spacing-left-medium:3.84%;--awb-width-small:100%;--awb-margin-top-small:10px;--awb-spacing-right-small:1.92%;--awb-spacing-left-small:1.92%;\" data-animationtype=\"fadeInRight\" data-animationduration=\"1.6\" data-animationoffset=\"top-into-view\"><div class=\"fusion-column-wrapper fusion-column-has-shadow fusion-flex-justify-content-flex-start fusion-content-layout-column\"><div class=\"fusion-title title fusion-title-1 fusion-sep-none fusion-title-text fusion-title-size-one\" style=\"--awb-margin-top:6px;\"><h1 class=\"fusion-title-heading title-heading-left fusion-responsive-typography-calculated\" style=\"margin:0;--fontSize:72;line-height:var(--awb-typography1-line-height);\">Kontaktieren Sie uns<\/h1><\/div><div class=\"fusion-text fusion-text-1\"><div class=\"page\">\n<div class=\"layoutArea\">\n<div class=\"column\">\n<p>F\u00fcr eine schnelle und detaillierte Antwort senden Sie uns bitte Ihre Spezifikationen und Anfragen per E-Mail.<\/p>\n<\/div>\n<div class=\"page\">\n<div class=\"layoutArea\">\n<div class=\"column\">\n<p>Wenn Sie uns Ihre Fragen und W\u00fcnsche per E-Mail \u00fcbermitteln, erhalten Sie detaillierte und schriftliche Informationen und vermeiden Missverst\u00e4ndnisse.<\/p>\n<div class=\"page\">\n<div class=\"layoutArea\">\n<div class=\"column\">\n<p>Sobald Sie uns Ihren Antrag auf Beratung per E-Mail geschickt und Ihre Geb\u00fchr bezahlt haben, erhalten Sie von uns alle Informationen, die Sie ben\u00f6tigen, um Ihre Qualifikationen zu vervollst\u00e4ndigen und Ihre Defizite zu beheben.<\/p>\n<\/div>\n<\/div>\n<\/div>\n<\/div>\n<\/div>\n<\/div>\n<\/div>\n<\/div>\n<\/div><ul style=\"--awb-iconcolor:var(--awb-color5);--awb-line-height:34px;--awb-icon-width:34px;--awb-icon-height:34px;--awb-icon-margin:14px;--awb-content-margin:48px;\" class=\"fusion-checklist fusion-checklist-1 fusion-checklist-default type-icons\"><li class=\"fusion-li-item\" style=\"\"><span class=\"icon-wrapper circle-no\"><i class=\"fusion-li-icon fa-at fas\" aria-hidden=\"true\"><\/i><\/span><div class=\"fusion-li-item-content\">\n<div class=\"page\" title=\"Almanyapersonel arbeitet Ergebnis orientiert und erbringt dazu fokussierte Beratungsleistungen.Es bietet, auf Vertrauen basierte Service.Ehrlichkeit ist das Grundprinzip.Es macht keine Versprechen f\u00fcr das, was er nicht halten kann.Es erbringt im Rahmen des \u00a7 81a Besch\u00e4ftigungs- und Berufsberatungsleistungen entsprechend den Berufen der Bewerber in allen Bundesl\u00e4ndern Deutschlands.Wenn Sie in Deutschland arbeiten m\u00f6chten, rufen Sie unbedingt Almanyapersonel an.\">\n<div class=\"layoutArea\">\n<div class=\"column\">\n<p>info@almanyapersonel.com<\/p>\n<\/div>\n<\/div>\n<\/div>\n<\/div><\/li><\/ul><\/div><\/div><div class=\"fusion-layout-column fusion_builder_column fusion-builder-column-1 fusion_builder_column_3_5 3_5 fusion-flex-column fusion-animated\" style=\"--awb-padding-top:400px;--awb-padding-top-medium:360px;--awb-bg-color:var(--awb-color2);--awb-bg-color-hover:var(--awb-color2);--awb-bg-position:center top;--awb-bg-size:cover;--awb-box-shadow:72px 72px 0px 0px var(--awb-color2);;--awb-width-large:60%;--awb-margin-top-large:20px;--awb-spacing-right-large:16%;--awb-margin-bottom-large:20px;--awb-spacing-left-large:9.6%;--awb-width-medium:50%;--awb-order-medium:0;--awb-spacing-right-medium:3.84%;--awb-spacing-left-medium:11.52%;--awb-width-small:100%;--awb-order-small:0;--awb-spacing-right-small:1.92%;--awb-spacing-left-small:1.92%;\" data-animationtype=\"fadeInRight\" data-animationduration=\"1.6\" data-animationoffset=\"top-into-view\"><div class=\"fusion-column-wrapper lazyload fusion-column-has-shadow fusion-flex-justify-content-flex-start fusion-content-layout-column fusion-column-has-bg-image\" data-bg-url=\"https:\/\/almanyapersonel.com\/wp-content\/uploads\/2023\/06\/ddfca1a4-21ac-4cb0-bba5-157cc876b2e8-262x300.jpeg\" data-bg=\"https:\/\/almanyapersonel.com\/wp-content\/uploads\/2023\/06\/ddfca1a4-21ac-4cb0-bba5-157cc876b2e8-262x300.jpeg\"><div class=\"fusion-builder-row fusion-builder-row-inner fusion-row fusion-flex-align-items-center fusion-flex-content-wrap\" style=\"width:104% !important;max-width:104% !important;margin-left: calc(-4% \/ 2 );margin-right: calc(-4% \/ 2 );\"><div class=\"fusion-layout-column fusion_builder_column_inner fusion-builder-nested-column-0 fusion_builder_column_inner_1_2 1_2 fusion-flex-column\" style=\"--awb-padding-top:30px;--awb-padding-right:30px;--awb-padding-bottom:10px;--awb-padding-left:30px;--awb-bg-color:var(--awb-color1);--awb-bg-color-hover:var(--awb-color1);--awb-bg-size:cover;--awb-box-shadow:44px 44px 50px 0px hsla(var(--awb-color8-h),var(--awb-color8-s),var(--awb-color8-l),calc( var(--awb-color8-a) - 85% ));;--awb-width-large:50%;--awb-margin-top-large:0px;--awb-spacing-right-large:0%;--awb-margin-bottom-large:0px;--awb-spacing-left-large:3.84%;--awb-width-medium:75%;--awb-order-medium:0;--awb-spacing-right-medium:0%;--awb-spacing-left-medium:2.56%;--awb-width-small:75%;--awb-order-small:0;--awb-spacing-right-small:0%;--awb-spacing-left-small:2.56%;\"><div class=\"fusion-column-wrapper fusion-column-has-shadow fusion-flex-justify-content-flex-start fusion-content-layout-column\"><div class=\"fusion-title title fusion-title-2 fusion-sep-none fusion-title-text fusion-title-size-six\" style=\"--awb-margin-top:0px;--awb-margin-bottom:4px;--awb-margin-top-small:4px;--awb-margin-bottom-small:0px;--awb-margin-top-medium:4px;--awb-margin-bottom-medium:0px;\"><h6 class=\"fusion-title-heading title-heading-left fusion-responsive-typography-calculated\" style=\"margin:0;--fontSize:20;--minFontSize:20;line-height:1.5;\">Postanschrift<\/h6><\/div><div class=\"fusion-text fusion-text-2\" style=\"--awb-content-alignment:left;--awb-font-size:14px;--awb-line-height:24px;\"><div class=\"page\" title=\"Almanyapersonel arbeitet Ergebnis orientiert und erbringt dazu fokussierte Beratungsleistungen.Es bietet, auf Vertrauen basierte Service.Ehrlichkeit ist das Grundprinzip.Es macht keine Versprechen f\u00fcr das, was er nicht halten kann.Es erbringt im Rahmen des \u00a7 81a Besch\u00e4ftigungs- und Berufsberatungsleistungen entsprechend den Berufen der Bewerber in allen Bundesl\u00e4ndern Deutschlands.Wenn Sie in Deutschland arbeiten m\u00f6chten, rufen Sie unbedingt Almanyapersonel an.\">\n<div class=\"layoutArea\">\n<div class=\"column\">\n<div class=\"page\" title=\"Almanyapersonel arbeitet Ergebnis orientiert und erbringt dazu fokussierte Beratungsleistungen.Es bietet, auf Vertrauen basierte Service.Ehrlichkeit ist das Grundprinzip.Es macht keine Versprechen f\u00fcr das, was er nicht halten kann.Es erbringt im Rahmen des \u00a7 81a Besch\u00e4ftigungs- und Berufsberatungsleistungen entsprechend den Berufen der Bewerber in allen Bundesl\u00e4ndern Deutschlands.Wenn Sie in Deutschland arbeiten m\u00f6chten, rufen Sie unbedingt Almanyapersonel an.\">\n<div class=\"layoutArea\">\n<div class=\"column\">\n<p>Fa. AlmanyaPersonel<br \/>Tayyar Turgan<\/p>\n<\/div>\n<\/div>\n<\/div>\n<p>Damvillersstrasse 10<br \/>34289 Zierenberg<br \/>Deutschland<\/p>\n<\/div>\n<\/div>\n<\/div>\n<\/div><\/div><\/div><div class=\"fusion-layout-column fusion_builder_column_inner fusion-builder-nested-column-1 fusion_builder_column_inner_1_2 1_2 fusion-flex-column fusion-no-small-visibility\" style=\"--awb-bg-size:cover;--awb-width-large:50%;--awb-margin-top-large:0px;--awb-spacing-right-large:3.84%;--awb-margin-bottom-large:0px;--awb-spacing-left-large:3.84%;--awb-width-medium:25%;--awb-order-medium:0;--awb-spacing-right-medium:7.68%;--awb-spacing-left-medium:7.68%;--awb-width-small:100%;--awb-order-small:0;--awb-spacing-right-small:1.92%;--awb-spacing-left-small:1.92%;\"><div class=\"fusion-column-wrapper fusion-column-has-shadow fusion-flex-justify-content-flex-start fusion-content-layout-column\"><\/div><\/div><\/div><\/div><\/div><\/div><\/div>","protected":false},"excerpt":{"rendered":"","protected":false},"author":1,"featured_media":0,"parent":0,"menu_order":0,"comment_status":"closed","ping_status":"closed","template":"100-width.php","meta":{"footnotes":""},"class_list":["post-399","page","type-page","status-publish","hentry"],"yoast_head":"<!-- This site is optimized with the Yoast SEO plugin v27.4 - https:\/\/yoast.com\/product\/yoast-seo-wordpress\/ -->\n<title>\u0130leti\u015fim - Almanya Personel<\/title>\n<meta name=\"description\" content=\"AlmanyaPersonel olarak Tu\u0308rkiye bas\u0327ta olmak u\u0308zere yurt d\u0131s\u0327\u0131ndan Almanya\u2019ya kalifiye eleman transferi yapmaktay\u0131z. Siz de Almanya\u2019da c\u0327al\u0131s\u0327mak istiyorsan\u0131z bize mutlaka mu\u0308racaat ediniz.\" \/>\n<meta name=\"robots\" content=\"index, follow, max-snippet:-1, max-image-preview:large, max-video-preview:-1\" \/>\n<link rel=\"canonical\" href=\"https:\/\/almanyapersonel.com\/de\/iletisim\/\" \/>\n<meta property=\"og:locale\" content=\"de_DE\" \/>\n<meta property=\"og:type\" content=\"article\" \/>\n<meta property=\"og:title\" content=\"\u0130leti\u015fim - Almanya Personel\" \/>\n<meta property=\"og:description\" content=\"AlmanyaPersonel olarak Tu\u0308rkiye bas\u0327ta olmak u\u0308zere yurt d\u0131s\u0327\u0131ndan Almanya\u2019ya kalifiye eleman transferi yapmaktay\u0131z. Siz de Almanya\u2019da c\u0327al\u0131s\u0327mak istiyorsan\u0131z bize mutlaka mu\u0308racaat ediniz.\" \/>\n<meta property=\"og:url\" content=\"https:\/\/almanyapersonel.com\/de\/iletisim\/\" \/>\n<meta property=\"og:site_name\" content=\"Almanya Personel\" \/>\n<meta property=\"article:publisher\" content=\"https:\/\/www.facebook.com\/groups\/1380625645795813\/?ref=share\" \/>\n<meta property=\"article:modified_time\" content=\"2023-07-03T18:56:22+00:00\" \/>\n<meta property=\"og:image\" content=\"https:\/\/almanyapersonel.com\/wp-content\/uploads\/2023\/06\/almanyapersonel-logo.png\" \/>\n\t<meta property=\"og:image:width\" content=\"280\" \/>\n\t<meta property=\"og:image:height\" content=\"50\" \/>\n\t<meta property=\"og:image:type\" content=\"image\/png\" \/>\n<meta name=\"twitter:card\" content=\"summary_large_image\" \/>\n<meta name=\"twitter:label1\" content=\"Gesch\u00e4tzte Lesezeit\" \/>\n\t<meta name=\"twitter:data1\" content=\"6\u00a0Minuten\" \/>\n<script type=\"application\/ld+json\" class=\"yoast-schema-graph\">{\"@context\":\"https:\\\/\\\/schema.org\",\"@graph\":[{\"@type\":\"WebPage\",\"@id\":\"https:\\\/\\\/almanyapersonel.com\\\/iletisim\\\/\",\"url\":\"https:\\\/\\\/almanyapersonel.com\\\/iletisim\\\/\",\"name\":\"\u0130leti\u015fim - Almanya Personel\",\"isPartOf\":{\"@id\":\"https:\\\/\\\/almanyapersonel.com\\\/#website\"},\"datePublished\":\"2020-06-22T19:59:48+00:00\",\"dateModified\":\"2023-07-03T18:56:22+00:00\",\"description\":\"AlmanyaPersonel olarak Tu\u0308rkiye bas\u0327ta olmak u\u0308zere yurt d\u0131s\u0327\u0131ndan Almanya\u2019ya kalifiye eleman transferi yapmaktay\u0131z. Siz de Almanya\u2019da c\u0327al\u0131s\u0327mak istiyorsan\u0131z bize mutlaka mu\u0308racaat ediniz.\",\"breadcrumb\":{\"@id\":\"https:\\\/\\\/almanyapersonel.com\\\/iletisim\\\/#breadcrumb\"},\"inLanguage\":\"de\",\"potentialAction\":[{\"@type\":\"ReadAction\",\"target\":[\"https:\\\/\\\/almanyapersonel.com\\\/iletisim\\\/\"]}]},{\"@type\":\"BreadcrumbList\",\"@id\":\"https:\\\/\\\/almanyapersonel.com\\\/iletisim\\\/#breadcrumb\",\"itemListElement\":[{\"@type\":\"ListItem\",\"position\":1,\"name\":\"Home\",\"item\":\"https:\\\/\\\/almanyapersonel.com\\\/\"},{\"@type\":\"ListItem\",\"position\":2,\"name\":\"\u0130leti\u015fim\"}]},{\"@type\":\"WebSite\",\"@id\":\"https:\\\/\\\/almanyapersonel.com\\\/#website\",\"url\":\"https:\\\/\\\/almanyapersonel.com\\\/\",\"name\":\"AlmanyaPersonel\",\"description\":\"\",\"publisher\":{\"@id\":\"https:\\\/\\\/almanyapersonel.com\\\/#organization\"},\"alternateName\":\"AlmanyaPersonel\",\"potentialAction\":[{\"@type\":\"SearchAction\",\"target\":{\"@type\":\"EntryPoint\",\"urlTemplate\":\"https:\\\/\\\/almanyapersonel.com\\\/?s={search_term_string}\"},\"query-input\":{\"@type\":\"PropertyValueSpecification\",\"valueRequired\":true,\"valueName\":\"search_term_string\"}}],\"inLanguage\":\"de\"},{\"@type\":\"Organization\",\"@id\":\"https:\\\/\\\/almanyapersonel.com\\\/#organization\",\"name\":\"AlmanyaPersonel\",\"url\":\"https:\\\/\\\/almanyapersonel.com\\\/\",\"logo\":{\"@type\":\"ImageObject\",\"inLanguage\":\"de\",\"@id\":\"https:\\\/\\\/almanyapersonel.com\\\/#\\\/schema\\\/logo\\\/image\\\/\",\"url\":\"https:\\\/\\\/almanyapersonel.com\\\/wp-content\\\/uploads\\\/2023\\\/06\\\/almanyapersonel-logo.png\",\"contentUrl\":\"https:\\\/\\\/almanyapersonel.com\\\/wp-content\\\/uploads\\\/2023\\\/06\\\/almanyapersonel-logo.png\",\"width\":280,\"height\":50,\"caption\":\"AlmanyaPersonel\"},\"image\":{\"@id\":\"https:\\\/\\\/almanyapersonel.com\\\/#\\\/schema\\\/logo\\\/image\\\/\"},\"sameAs\":[\"https:\\\/\\\/www.facebook.com\\\/groups\\\/1380625645795813\\\/?ref=share\"]}]}<\/script>\n<!-- \/ Yoast SEO plugin. -->","yoast_head_json":{"title":"\u0130leti\u015fim - Almanya Personel","description":"AlmanyaPersonel olarak Tu\u0308rkiye bas\u0327ta olmak u\u0308zere yurt d\u0131s\u0327\u0131ndan Almanya\u2019ya kalifiye eleman transferi yapmaktay\u0131z. Siz de Almanya\u2019da c\u0327al\u0131s\u0327mak istiyorsan\u0131z bize mutlaka mu\u0308racaat ediniz.","robots":{"index":"index","follow":"follow","max-snippet":"max-snippet:-1","max-image-preview":"max-image-preview:large","max-video-preview":"max-video-preview:-1"},"canonical":"https:\/\/almanyapersonel.com\/de\/iletisim\/","og_locale":"de_DE","og_type":"article","og_title":"\u0130leti\u015fim - Almanya Personel","og_description":"AlmanyaPersonel olarak Tu\u0308rkiye bas\u0327ta olmak u\u0308zere yurt d\u0131s\u0327\u0131ndan Almanya\u2019ya kalifiye eleman transferi yapmaktay\u0131z. Siz de Almanya\u2019da c\u0327al\u0131s\u0327mak istiyorsan\u0131z bize mutlaka mu\u0308racaat ediniz.","og_url":"https:\/\/almanyapersonel.com\/de\/iletisim\/","og_site_name":"Almanya Personel","article_publisher":"https:\/\/www.facebook.com\/groups\/1380625645795813\/?ref=share","article_modified_time":"2023-07-03T18:56:22+00:00","og_image":[{"width":280,"height":50,"url":"https:\/\/almanyapersonel.com\/wp-content\/uploads\/2023\/06\/almanyapersonel-logo.png","type":"image\/png"}],"twitter_card":"summary_large_image","twitter_misc":{"Gesch\u00e4tzte Lesezeit":"6\u00a0Minuten"},"schema":{"@context":"https:\/\/schema.org","@graph":[{"@type":"WebPage","@id":"https:\/\/almanyapersonel.com\/iletisim\/","url":"https:\/\/almanyapersonel.com\/iletisim\/","name":"\u0130leti\u015fim - Almanya Personel","isPartOf":{"@id":"https:\/\/almanyapersonel.com\/#website"},"datePublished":"2020-06-22T19:59:48+00:00","dateModified":"2023-07-03T18:56:22+00:00","description":"AlmanyaPersonel olarak Tu\u0308rkiye bas\u0327ta olmak u\u0308zere yurt d\u0131s\u0327\u0131ndan Almanya\u2019ya kalifiye eleman transferi yapmaktay\u0131z. Siz de Almanya\u2019da c\u0327al\u0131s\u0327mak istiyorsan\u0131z bize mutlaka mu\u0308racaat ediniz.","breadcrumb":{"@id":"https:\/\/almanyapersonel.com\/iletisim\/#breadcrumb"},"inLanguage":"de","potentialAction":[{"@type":"ReadAction","target":["https:\/\/almanyapersonel.com\/iletisim\/"]}]},{"@type":"BreadcrumbList","@id":"https:\/\/almanyapersonel.com\/iletisim\/#breadcrumb","itemListElement":[{"@type":"ListItem","position":1,"name":"Home","item":"https:\/\/almanyapersonel.com\/"},{"@type":"ListItem","position":2,"name":"\u0130leti\u015fim"}]},{"@type":"WebSite","@id":"https:\/\/almanyapersonel.com\/#website","url":"https:\/\/almanyapersonel.com\/","name":"AlmanyaPersonel","description":"","publisher":{"@id":"https:\/\/almanyapersonel.com\/#organization"},"alternateName":"AlmanyaPersonel","potentialAction":[{"@type":"SearchAction","target":{"@type":"EntryPoint","urlTemplate":"https:\/\/almanyapersonel.com\/?s={search_term_string}"},"query-input":{"@type":"PropertyValueSpecification","valueRequired":true,"valueName":"search_term_string"}}],"inLanguage":"de"},{"@type":"Organization","@id":"https:\/\/almanyapersonel.com\/#organization","name":"AlmanyaPersonel","url":"https:\/\/almanyapersonel.com\/","logo":{"@type":"ImageObject","inLanguage":"de","@id":"https:\/\/almanyapersonel.com\/#\/schema\/logo\/image\/","url":"https:\/\/almanyapersonel.com\/wp-content\/uploads\/2023\/06\/almanyapersonel-logo.png","contentUrl":"https:\/\/almanyapersonel.com\/wp-content\/uploads\/2023\/06\/almanyapersonel-logo.png","width":280,"height":50,"caption":"AlmanyaPersonel"},"image":{"@id":"https:\/\/almanyapersonel.com\/#\/schema\/logo\/image\/"},"sameAs":["https:\/\/www.facebook.com\/groups\/1380625645795813\/?ref=share"]}]}},"_links":{"self":[{"href":"https:\/\/almanyapersonel.com\/de\/wp-json\/wp\/v2\/pages\/399","targetHints":{"allow":["GET"]}}],"collection":[{"href":"https:\/\/almanyapersonel.com\/de\/wp-json\/wp\/v2\/pages"}],"about":[{"href":"https:\/\/almanyapersonel.com\/de\/wp-json\/wp\/v2\/types\/page"}],"author":[{"embeddable":true,"href":"https:\/\/almanyapersonel.com\/de\/wp-json\/wp\/v2\/users\/1"}],"replies":[{"embeddable":true,"href":"https:\/\/almanyapersonel.com\/de\/wp-json\/wp\/v2\/comments?post=399"}],"version-history":[{"count":8,"href":"https:\/\/almanyapersonel.com\/de\/wp-json\/wp\/v2\/pages\/399\/revisions"}],"predecessor-version":[{"id":3371,"href":"https:\/\/almanyapersonel.com\/de\/wp-json\/wp\/v2\/pages\/399\/revisions\/3371"}],"wp:attachment":[{"href":"https:\/\/almanyapersonel.com\/de\/wp-json\/wp\/v2\/media?parent=399"}],"curies":[{"name":"wp","href":"https:\/\/api.w.org\/{rel}","templated":true}]}}